{"id":541,"date":"2023-02-06T22:42:08","date_gmt":"2023-02-06T21:42:08","guid":{"rendered":"http:\/\/die-tierpension-an-der-donau.de\/?page_id=541"},"modified":"2026-01-16T08:30:25","modified_gmt":"2026-01-16T07:30:25","slug":"hauptseite-2-2-2","status":"publish","type":"page","link":"https:\/\/die-tierpension-an-der-donau.de\/","title":{"rendered":"Willkommen"},"content":{"rendered":"<div><\/div>\n<div id=\"pl-11\" class=\"panel-layout\">\n<div id=\"pg-11-0\" class=\"panel-grid panel-no-style\">\n<div id=\"pgc-11-0-0\" class=\"panel-grid-cell\" data-weight=\"1\">\n<div id=\"panel-11-0-0-0\" class=\"so-panel widget widget_custom_html panel-first-child panel-last-child\" data-index=\"0\" data-style=\"{&quot;background_image_attachment&quot;:false,&quot;background_display&quot;:&quot;tile&quot;}\">\n<div class=\"textwidget custom-html-widget\"><\/p> <div><\/div> <p><\/div>\n<\/div>\n<\/div>\n<\/div>\n<div id=\"pg-11-1\" class=\"panel-grid panel-has-style\" data-style=\"{&quot;class&quot;:&quot;shadow padding center bg_white&quot;,&quot;background_image_attachment&quot;:&quot;227&quot;,&quot;background_image_attachment_fallback&quot;:false,&quot;background_display&quot;:&quot;tile&quot;,&quot;cell_alignment&quot;:&quot;flex-start&quot;}\" data-ratio=\"1\" data-ratio-direction=\"right\">\n<div class=\"shadow padding center bg_white panel-row-style panel-row-style-for-11-1\">\n<div id=\"pgc-11-1-0\" class=\"panel-grid-cell\" data-weight=\"1\">\n<div id=\"panel-11-1-0-0\" class=\"so-panel widget widget_text panel-first-child\" data-index=\"1\" data-style=\"{&quot;id&quot;:&quot;nav1&quot;,&quot;background_image_attachment&quot;:false,&quot;background_display&quot;:&quot;tile&quot;}\">\n<div id=\"nav1\" class=\"panel-widget-style panel-widget-style-for-11-1-0-0\">\n<h3 class=\"widget-title\">Headline1<\/h3>\n<div class=\"textwidget\">\n<h5>Herzlich Willkommen!<\/h5>\n<\/div>\n<\/div>\n<\/div>\n<div id=\"panel-11-1-0-1\" class=\"so-panel widget widget_text panel-last-child\" data-index=\"2\" data-style=\"{&quot;class&quot;:&quot;column&quot;,&quot;background_image_attachment&quot;:false,&quot;background_display&quot;:&quot;tile&quot;}\">\n<div class=\"column panel-widget-style panel-widget-style-for-11-1-0-1\">\n<h3 class=\"widget-title\">Willkommenstext<\/h3>\n<div class=\"textwidget\">\n<p class=\"p1\">Im sch\u00f6nen Donautal begr\u00fc\u00dfen wir unsere vierbeinigen G\u00e4ste. Das Hundehotel liegt verkehrsg\u00fcnstig, nahe der Autobahn A81, zwischen Stuttgart und Bodensee.<\/p>\n<p class=\"p1\">Wir sind spezialisiert auf die Pflege von Hunden, k\u00f6nnen aber auch anderen Haustieren gerecht werden. Katzen k\u00f6nnen wir nicht aufnehmen. Die Pensionsg\u00e4ste leben mit uns im Haus. Es gibt keine Zwinger und keine Einzelhaltung. Auf unserem 5000qm gro\u00dfen Gel\u00e4nde k\u00f6nnen die Tiere ihrer Leidenschaft nachgehen, sei es in den drei eingez\u00e4unten, separaten Bereichen oder in Begleitung im Freilaufbereich. F\u00fcr Wasserratten steht unser Bach oder die nahe gelegene Donau zur Verf\u00fcgung. Je nach Bed\u00fcrfnis wird Ihr Liebling gekuschelt, trainiert, verw\u00f6hnt oder auch erzogen.<\/p>\n<p>&nbsp;<\/p>\n<p class=\"p1\">Kommen Sie zum Reinschnuppern, um uns und unsere Arbeit kennen zu lernen.<span class=\"Apple-converted-space\">\u00a0 <\/span>Nach telefonischer Terminabsprache sind Besichtigungen t\u00e4glich m\u00f6glich.<\/p>\n<\/div>\n<\/div>\n<\/div>\n<\/div>\n<\/div>\n<\/div>\n<div id=\"pg-11-2\" class=\"panel-grid panel-no-style\" data-style=\"{&quot;background_image_attachment&quot;:false,&quot;background_display&quot;:&quot;tile&quot;,&quot;cell_alignment&quot;:&quot;flex-start&quot;}\" data-ratio=\"1\" data-ratio-direction=\"right\">\n<div id=\"pgc-11-2-0\" class=\"panel-grid-cell\" data-weight=\"1\">\n<div id=\"panel-11-2-0-0\" class=\"so-panel widget widget_custom_html panel-first-child panel-last-child\" data-index=\"3\" data-style=\"{&quot;id&quot;:&quot;wrap&quot;,&quot;background_image_attachment&quot;:false,&quot;background_display&quot;:&quot;tile&quot;}\">\n<div id=\"wrap\" class=\"panel-widget-style panel-widget-style-for-11-2-0-0\"><h3 class=\"widget-title\">\u00dcber mich<\/h3><div class=\"textwidget custom-html-widget\"><div id=\"img_wrap\">\n<div id=\"about\" class=\"padding_rec grey\">\n\t\t \n<h5>\u00dcber mich<\/h5>\n<p class=\"p1\"><i>Die Liebe zum Tier hat es mir leicht gemacht den richtigen Beruf zu finden. So wurde ich Tierarzthelferin und durfte fast 30 Jahre lang an der Seite einer sehr guten Tier\u00e4rztin den Umgang mit den Vierbeinern genie\u00dfen. Mit jedem Tier sammelte ich neue Erfahrungen, doch der Hund faszinierte mich am meisten. Ich besuchte Seminare zur Verhaltenstherapie und wurde Ern\u00e4hrungsberaterin f\u00fcr Hunde und Katzen.<\/i><\/p>\n&nbsp;\n<p class=\"p1\"><i>Nach 10 Jahren traute ich mir zu, meinen Traum zu verwirklichen und \u00fcbernahm eine Tierpension. Mittlerweile kann ich auf viele lustige wie arbeitsintensive Jahre zur\u00fcckblicken. Dabei werde ich tatkr\u00e4ftig von meinem Mann und meinen<\/i><\/p>\n<p class=\"p1\"><i>erwachsenen Kindern unterst\u00fctzt.<span class=\"Apple-converted-space\">\u00a0 <\/span>Au\u00dferdem wird unser Team von der quirligen Terrier H\u00fcndin Coco erg\u00e4nzt, die das Rudel immer auf Trab h\u00e4lt.<\/i><\/p>\n<\/div>\n<div id=\"about_img\">\n\t\n\t<\/div>\n<\/div><\/div><\/div>\n<\/div>\n<\/div>\n<\/div>\n<div id=\"pg-11-3\" class=\"panel-grid panel-has-style\" data-style=\"{&quot;id&quot;:&quot;nav3&quot;,&quot;class&quot;:&quot;shadow padding center bg_blue&quot;,&quot;background_image_attachment&quot;:false,&quot;background_display&quot;:&quot;tile&quot;,&quot;cell_alignment&quot;:&quot;flex-start&quot;}\" data-ratio=\"1\" data-ratio-direction=\"right\">\n<div id=\"nav3\" class=\"shadow padding center bg_blue panel-row-style panel-row-style-for-11-3\">\n<div id=\"pgc-11-3-0\" class=\"panel-grid-cell\" data-weight=\"1\">\n<div id=\"panel-11-3-0-0\" class=\"so-panel widget widget_text panel-first-child\" data-index=\"4\" data-style=\"{&quot;background_image_attachment&quot;:false,&quot;background_display&quot;:&quot;tile&quot;}\">\n<h3 class=\"widget-title\">Headline3<\/h3>\n<div class=\"textwidget\">\n<h5>Hier d\u00fcrfen Hunde Urlaub machen.<\/h5>\n<\/div>\n<\/div>\n<div id=\"panel-11-3-0-1\" class=\"so-panel widget widget_text panel-last-child\" data-index=\"5\" data-style=\"{&quot;class&quot;:&quot;column&quot;,&quot;background_image_attachment&quot;:false,&quot;background_display&quot;:&quot;tile&quot;}\">\n<div class=\"column panel-widget-style panel-widget-style-for-11-3-0-1\">\n<h3 class=\"widget-title\">Hier d\u00fcrfen Hunde Urlaub machen.<\/h3>\n<div class=\"textwidget\">\n<p class=\"p1\">Wir bieten Ihnen eine zuverl\u00e4ssige und kompetente Betreuung F\u00fcr Ihren Liebling. Vorab sollten wir uns aber kennenlernen. Daf\u00fcr bieten wir einen Schnuppertag an. Ganz in Ruhe darf ihr Hund die neue Umgebung und seine Gast-Familie kennenlernen.<\/p>\n<p>&nbsp;<\/p>\n<p class=\"p1\">Wenn sie einen jungen Hund haben, nutzen Sie seine Neugierde und auch den Spieltrieb damit er mit allen neuen Situationen freudig umzugehen wei\u00df. Dass er bei uns immer Spielkameraden findet, wird ihn sicherlich am meisten freuen. Aber auch \u00e4ltere Hunde stellen schnell fest, wie sch\u00f6n es ist mit seinen Artgenossen zusammen zu sein.<\/p>\n<p>&nbsp;<\/p>\n<p class=\"p1\">Bei sch\u00f6nem Wetter wird drau\u00dfen gespielt, gerannt oder einfach nur in der Sonne gelegen. Das Rudelleben ist sehr spannend aber auch anstrengend, so dass die Nacht zum Schlafen genutzt wird. Und am gem\u00fctlichstem ist es doch im eigenen Bettchen, deshalb wird es einfach mitgebracht. Wir entscheiden nach Temperament, Gr\u00f6\u00dfe und Alter wer mit wem in einem Zimmer schlafen darf.<\/p>\n<p>&nbsp;<\/p>\n<p class=\"p1\">Auch beim Fressen wollen wir keine Experimente machen oder Ihnen gar irgendein pr\u00e4miertes Futter verkaufen. Geben sie ihrem Liebling das Futter mit, das er gut vertr\u00e4gt und nat\u00fcrlich auch gerne frisst. Grunds\u00e4tzlich wird nach den Mahlzeiten geruht bevor das Ferienprogramm weiter geht. Abwechslungsreich wird der Tag gestaltet, so dass jeder bekommt was er braucht, egal ob jung oder alt. Wenn sie ihn wieder Abholen wird er m\u00fcde und vielleicht etwas schmutzig sein, aber auch zufrieden und ausgeglichen.<\/p>\n<\/div>\n<\/div>\n<\/div>\n<\/div>\n<\/div>\n<\/div>\n<div id=\"pg-11-4\" class=\"panel-grid panel-has-style\" data-style=\"{&quot;id&quot;:&quot;nav4&quot;,&quot;class&quot;:&quot;shadow padding3 center bg_white2&quot;,&quot;background_image_attachment&quot;:false,&quot;background_display&quot;:&quot;tile&quot;,&quot;cell_alignment&quot;:&quot;flex-start&quot;}\" data-ratio=\"1\" data-ratio-direction=\"right\">\n<div id=\"nav4\" class=\"shadow padding3 center bg_white2 panel-row-style panel-row-style-for-11-4\">\n<div id=\"pgc-11-4-0\" class=\"panel-grid-cell\" data-weight=\"1\">\n<div id=\"panel-11-4-0-0\" class=\"so-panel widget widget_text panel-first-child\" data-index=\"6\" data-style=\"{&quot;background_image_attachment&quot;:false,&quot;background_display&quot;:&quot;tile&quot;}\">\n<h3 class=\"widget-title\">Headline4<\/h3>\n<div class=\"textwidget\">\n<h5>Infos<\/h5>\n<\/div>\n<\/div>\n<div id=\"panel-11-4-0-1\" class=\"so-panel widget widget_text panel-last-child\" data-index=\"7\" data-style=\"{&quot;class&quot;:&quot;column&quot;,&quot;background_image_attachment&quot;:false,&quot;background_display&quot;:&quot;tile&quot;}\">\n<div class=\"column panel-widget-style panel-widget-style-for-11-4-0-1\">\n<h3 class=\"widget-title\">Infotext<\/h3>\n<div class=\"textwidget\">\n<ul>\n<li class=\"p1\">Flexible Bring-und Abholzeiten sind f\u00fcr uns selbstverst\u00e4ndlich. Trotzdem bitten wir Sie die vereinbarten Termine p\u00fcnktlich einzuhalten.<\/li>\n<li class=\"p1\">F\u00fcr jeden Pensionsgast wird ein Betreuungsvertrag abgeschlossen. Darin wird alles Pers\u00f6nliche bzw. die Besonderheiten Ihres Tieres vermerkt.<\/li>\n<li class=\"p1\">Grunds\u00e4tzlich ist wichtig, dass der Hund frei von ansteckenden Krankheiten so wie Parasiten ist, \u00fcber einen g\u00fcltigen Impfschutz verf\u00fcgt, stubenrein und sozial vertr\u00e4glich ist.<\/li>\n<li class=\"p1\">Nicht kastrierte R\u00fcden werden nur in Ausnahmef\u00e4llen \u2013 als P\u00e4rchen R\u00fcde und H\u00fcndin oder au\u00dferhalb der Schulferien aufgenommen.<\/li>\n<li class=\"p1\">L\u00e4ufige H\u00fcndinnen k\u00f6nnen wir aus R\u00fccksicht auf die m\u00e4nnlichen G\u00e4ste nicht betreuen. Bitte stellen sie sicher, dass Ihre H\u00fcndin w\u00e4hrend des Aufenthaltes nicht l\u00e4ufig wird.<\/li>\n<li class=\"p1\">Wir betreuen alle Rassen und Gr\u00f6\u00dfen. Ein harmonisches Miteinander ist stets unser Ziel, daf\u00fcr m\u00f6chte ich mit meiner Erfahrung und Fachwissen sorgen. Selbstverst\u00e4ndlich ist auch die medizinische Pflege, so werden kleine oder anf\u00e4ngliche Wehwehchen sofort behandelt.<\/li>\n<li class=\"p1\">Teilen sie uns Ihre W\u00fcnsche und offene Fragen mit. Wir freuen uns auf Ihren Besuch.<\/li>\n<\/ul>\n<\/div>\n<\/div>\n<\/div>\n<\/div>\n<\/div>\n<\/div>\n<div id=\"pg-11-5\" class=\"panel-grid panel-no-style\" data-style=\"{&quot;background_image_attachment&quot;:false,&quot;background_display&quot;:&quot;tile&quot;,&quot;cell_alignment&quot;:&quot;flex-start&quot;}\" data-ratio=\"1\" data-ratio-direction=\"right\">\n<div id=\"pgc-11-5-0\" class=\"panel-grid-cell\" data-weight=\"1\">\n<div id=\"panel-11-5-0-0\" class=\"so-panel widget widget_custom_html panel-first-child\" data-index=\"8\" data-style=\"{&quot;id&quot;:&quot;slider2&quot;,&quot;widget_css&quot;:&quot;padding-top: 50px;&quot;,&quot;background_image_attachment&quot;:false,&quot;background_display&quot;:&quot;tile&quot;}\">\n<div id=\"slider2\" class=\"panel-widget-style panel-widget-style-for-11-5-0-0\"><div class=\"textwidget custom-html-widget\"><\/div> <\/div>\n<\/div>\n<div id=\"panel-11-5-0-1\" class=\"so-panel widget widget_custom_html panel-last-child\" data-index=\"9\" data-style=\"{&quot;id&quot;:&quot;blank&quot;,&quot;background_image_attachment&quot;:false,&quot;background_display&quot;:&quot;tile&quot;}\">\n<div id=\"blank\" class=\"panel-widget-style panel-widget-style-for-11-5-0-1\"><div class=\"textwidget custom-html-widget\"><\/div><\/div>\n<\/div>\n<\/div>\n<\/div>\n<div id=\"pg-11-6\" class=\"panel-grid panel-has-style\" data-style=\"{&quot;id&quot;:&quot;preisliste&quot;,&quot;class&quot;:&quot;row grey&quot;,&quot;background_image_attachment&quot;:false,&quot;background_display&quot;:&quot;tile&quot;,&quot;cell_alignment&quot;:&quot;flex-start&quot;}\" data-ratio=\"1\" data-ratio-direction=\"right\">\n<div id=\"preisliste\" class=\"row grey panel-row-style panel-row-style-for-11-6\">\n<div id=\"pgc-11-6-0\" class=\"panel-grid-cell\" data-weight=\"0.5\">\n<div id=\"panel-11-6-0-0\" class=\"so-panel widget widget_text panel-first-child panel-last-child\" data-index=\"10\" data-style=\"{&quot;class&quot;:&quot;padding_rec half grey &quot;,&quot;background_image_attachment&quot;:false,&quot;background_display&quot;:&quot;tile&quot;}\">\n<div class=\"padding_rec half grey panel-widget-style panel-widget-style-for-11-6-0-0\">\n<div class=\"textwidget\">\n<h5>Preisliste<\/h5>\n<table style=\"width: 100%;\">\n<tbody>\n<tr>\n<th>Kleiner Hund (bis 15kg)<\/th>\n<td>26\u20ac<\/td>\n<\/tr>\n<tr>\n<th>Gro\u00dfer Hund<\/th>\n<td>30\u20ac<\/td>\n<\/tr>\n<tr>\n<th>Bei 2 Hunden \/ pro Hund<\/th>\n<td>25\u20ac\/28\u20ac<\/td>\n<\/tr>\n<tr>\n<th rowspan=\"2\">Zuschl\u00e4ge<\/th>\n<td>4\u20ac<\/td>\n<\/tr>\n<\/tbody>\n<\/table>\n<ul>\n<li class=\"p4\">Nicht kastrierte R\u00fcden<\/li>\n<li class=\"p4\">Sehr gro\u00dfe Hunde<\/li>\n<li class=\"p4\">Pflegeintensive Hunde<\/li>\n<li class=\"p4\">Unvertr\u00e4gliche Hunde<\/li>\n<\/ul>\n<p>&nbsp;<\/p>\n<p><a href=\"agb_tierpension_2025.pdf\" target=\"_blank\" rel=\"noopener noreferrer\"><strong>Allgemeine Gesch\u00e4ftsbedingungen.pdf<\/strong><\/a><\/p>\n<\/div>\n<\/div>\n<\/div>\n<\/div>\n<div id=\"pgc-11-6-1\" class=\"panel-grid-cell\" data-weight=\"0.5\">\n<div id=\"panel-11-6-1-0\" class=\"so-panel widget widget_text panel-first-child panel-last-child\" data-index=\"11\" data-style=\"{&quot;class&quot;:&quot;padding_rec yellow half&quot;,&quot;background_image_attachment&quot;:false,&quot;background_display&quot;:&quot;tile&quot;}\">\n<div class=\"padding_rec yellow half panel-widget-style panel-widget-style-for-11-6-1-0\">\n<div class=\"textwidget\">\n<h5>Inklusive<\/h5>\n<ul>\n<li class=\"p1\"><strong>Leckerlis oder Streicheleinheiten als Belohnung.<\/strong><\/li>\n<li class=\"p1\"><strong>T\u00e4glich mehrere Spazierg\u00e4nge, je nach Bedarf Badespa\u00df am Bach oder in der Donau.<\/strong><\/li>\n<li class=\"p1\"><strong>Individuelle F\u00fctterungszeiten und Medikamentengabe.<\/strong><\/li>\n<\/ul>\n<p>&nbsp;<\/p>\n<p>Ankunfts- und Abholtage werden voll berechnet.<\/p>\n<p>Die gesamten Pensionskosten sind im Voraus zu entrichten. Bei vorzeitiger Abholung des Hundes ist der gebuchte Zeitraum zu bezahlen.<\/p>\n<p><strong>Impfpass<\/strong> mitbringen. Erforderliche Impfungen: <strong>SHLTPPi\u00a0<\/strong><span class=\"small\">Staupe, Hepatitis, Leptospirose, Tollwut, Parvovirose, Zwingerhusten.<\/span><\/p>\n<\/div>\n<\/div>\n<\/div>\n<\/div>\n<\/div>\n<\/div>\n<div id=\"pg-11-7\" class=\"panel-grid panel-has-style\" data-style=\"{&quot;id&quot;:&quot;map&quot;,&quot;background_image_attachment&quot;:false,&quot;background_display&quot;:&quot;tile&quot;,&quot;cell_alignment&quot;:&quot;flex-start&quot;}\" data-ratio=\"1\" data-ratio-direction=\"right\">\n<div id=\"map\" class=\"panel-row-style panel-row-style-for-11-7\">\n<div id=\"pgc-11-7-0\" class=\"panel-grid-cell\" data-weight=\"1\">\n<div id=\"panel-11-7-0-0\" class=\"so-panel widget widget_custom_html panel-first-child panel-last-child\" data-index=\"12\" data-style=\"{&quot;class&quot;:&quot;shadow&quot;,&quot;background_image_attachment&quot;:false,&quot;background_display&quot;:&quot;tile&quot;}\">\n<div class=\"shadow panel-widget-style panel-widget-style-for-11-7-0-0\"><h3 class=\"widget-title\">MAP<\/h3><div class=\"textwidget custom-html-widget\"><iframe src=\"https:\/\/www.google.com\/maps\/embed?pb=!1m14!1m8!1m3!1d21387.984005940467!2d8.687259999999998!3d47.92675000000002!3m2!1i1024!2i768!4f13.1!3m3!1m2!1s0x47909d40bdadc4c9%3A0x7d38d9fbb8617470!2sDonaubr%C3%BCcke+3%2C+78194+Immendingen!5e0!3m2!1sde!2sde!4v1532698593363\" width=\"100vw\" height=\"600\" frameborder=\"0\" style=\"border:0\" allowfullscreen><\/iframe><\/div><\/div>\n<\/div>\n<\/div>\n<\/div>\n<\/div>\n<\/div>\n","protected":false},"excerpt":{"rendered":"<p>Headline1 Herzlich Willkommen! Willkommenstext Im sch\u00f6nen Donautal begr\u00fc\u00dfen wir unsere vierbeinigen G\u00e4ste. Das Hundehotel liegt verkehrsg\u00fcnstig, nahe der Autobahn A81, zwischen Stuttgart und Bodensee. Wir sind spezialisiert auf die Pflege von Hunden, k\u00f6nnen aber auch anderen Haustieren gerecht werden. Katzen k\u00f6nnen wir nicht aufnehmen. Die Pensionsg\u00e4ste leben mit uns im Haus. Es gibt keine Zwinger [&hellip;]<\/p>\n","protected":false},"author":1,"featured_media":0,"parent":0,"menu_order":0,"comment_status":"closed","ping_status":"closed","template":"","meta":[],"_links":{"self":[{"href":"https:\/\/die-tierpension-an-der-donau.de\/index.php?rest_route=\/wp\/v2\/pages\/541"}],"collection":[{"href":"https:\/\/die-tierpension-an-der-donau.de\/index.php?rest_route=\/wp\/v2\/pages"}],"about":[{"href":"https:\/\/die-tierpension-an-der-donau.de\/index.php?rest_route=\/wp\/v2\/types\/page"}],"author":[{"embeddable":true,"href":"https:\/\/die-tierpension-an-der-donau.de\/index.php?rest_route=\/wp\/v2\/users\/1"}],"replies":[{"embeddable":true,"href":"https:\/\/die-tierpension-an-der-donau.de\/index.php?rest_route=%2Fwp%2Fv2%2Fcomments&post=541"}],"version-history":[{"count":26,"href":"https:\/\/die-tierpension-an-der-donau.de\/index.php?rest_route=\/wp\/v2\/pages\/541\/revisions"}],"predecessor-version":[{"id":591,"href":"https:\/\/die-tierpension-an-der-donau.de\/index.php?rest_route=\/wp\/v2\/pages\/541\/revisions\/591"}],"wp:attachment":[{"href":"https:\/\/die-tierpension-an-der-donau.de\/index.php?rest_route=%2Fwp%2Fv2%2Fmedia&parent=541"}],"curies":[{"name":"wp","href":"https:\/\/api.w.org\/{rel}","templated":true}]}}